{"id":10,"date":"2021-03-30T13:07:53","date_gmt":"2021-03-30T11:07:53","guid":{"rendered":"https:\/\/epp.de\/?page_id=10"},"modified":"2021-08-01T17:45:18","modified_gmt":"2021-08-01T15:45:18","slug":"impressum","status":"publish","type":"page","link":"https:\/\/www.epp.de\/fr\/kontakt\/impressum\/","title":{"rendered":"Mentions l\u00e9gales"},"content":{"rendered":"<div data-elementor-type=\"wp-page\" data-elementor-id=\"10\" class=\"elementor elementor-10\" data-elementor-post-type=\"page\">\n\t\t\t\t\t\t<section class=\"elementor-section elementor-top-section elementor-element elementor-element-9b6edae elementor-section-boxed elementor-section-height-default elementor-section-height-default\" data-id=\"9b6edae\" data-element_type=\"section\" data-e-type=\"section\">\n\t\t\t\t\t\t<div class=\"elementor-container elementor-column-gap-default\">\n\t\t\t\t\t<div class=\"elementor-column elementor-col-100 elementor-top-column elementor-element elementor-element-98c2215\" data-id=\"98c2215\" data-element_type=\"column\" data-e-type=\"column\">\n\t\t\t<div class=\"elementor-widget-wrap elementor-element-populated\">\n\t\t\t\t\t\t<div class=\"elementor-element elementor-element-e378e84 elementor-widget elementor-widget-spacer\" data-id=\"e378e84\" data-element_type=\"widget\" data-e-type=\"widget\" data-widget_type=\"spacer.default\">\n\t\t\t\t<div class=\"elementor-widget-container\">\n\t\t\t\t\t\t\t<div class=\"elementor-spacer\">\n\t\t\t<div class=\"elementor-spacer-inner\"><\/div>\n\t\t<\/div>\n\t\t\t\t\t\t<\/div>\n\t\t\t\t<\/div>\n\t\t\t\t<div class=\"elementor-element elementor-element-916769c elementor-widget elementor-widget-text-editor\" data-id=\"916769c\" data-element_type=\"widget\" data-e-type=\"widget\" data-widget_type=\"text-editor.default\">\n\t\t\t\t<div class=\"elementor-widget-container\">\n\t\t\t\t\t\t\t\t\t<p><strong>MENTIONS L\u00c9GALES<\/strong><\/p><p>(Informations obligatoires conform\u00e9ment au \u00a75 TDG)<\/p><p>EPP SALES Communications GmbH &amp; Co. Verkaufsf\u00f6rderung KG<br \/>Georg-B\u00fcchner-Strasse 1<br \/>61476 Kronberg<\/p><p>T\u00e9l\u00e9phone +49 6173 93 53 00<br \/>Fax : +49 6173 935353<br \/>Courriel <a href=\"mailto:info@epp.de\">info@epp.de<\/a><\/p><p>Directeur g\u00e9n\u00e9ral : Florian Epp<\/p><p>Num\u00e9ro d'identification fiscale (n\u00b0 TVA) : DE112003774<br \/>Inscription au registre du commerce : Tribunal d'instance de K\u00f6nigstein\/Ts. HRA 2502<\/p><p>clause de non-responsabilit\u00e9<\/p><ol><li>Contenu de l'offre en ligne<\/li><\/ol><p>L'auteur d\u00e9cline toute responsabilit\u00e9 quant \u00e0 l'actualit\u00e9, l'exactitude, l'exhaustivit\u00e9 ou la qualit\u00e9 des informations fournies. Toute responsabilit\u00e9 de l'auteur concernant des dommages mat\u00e9riels ou immat\u00e9riels r\u00e9sultant de l'utilisation ou de la non-utilisation des informations fournies ou de l'utilisation d'informations erron\u00e9es ou incompl\u00e8tes est exclue, sauf en cas de faute intentionnelle ou de n\u00e9gligence grave d\u00e9montr\u00e9e de la part de l'auteur. Toutes les offres sont sans engagement et non contraignantes. L'auteur se r\u00e9serve express\u00e9ment le droit de modifier, compl\u00e9ter ou supprimer des parties des pages ou l'ensemble de l'offre sans avis pr\u00e9alable ou d'en suspendre temporairement ou d\u00e9finitivement la publication.<\/p><ol start=\"2\"><li>R\u00e9f\u00e9rences et liens<\/li><\/ol><p>En cas de renvois directs ou indirects vers des sites Internet externes (\u00ab hyperliens \u00bb) qui ne rel\u00e8vent pas de la responsabilit\u00e9 de l'auteur, sa responsabilit\u00e9 ne pourrait \u00eatre engag\u00e9e que dans le cas o\u00f9 l'auteur aurait connaissance des contenus et o\u00f9 il lui serait techniquement possible et raisonnable d'emp\u00eacher l'utilisation de contenus ill\u00e9gaux. L'auteur d\u00e9clare express\u00e9ment qu'au moment de la cr\u00e9ation des liens, aucun contenu ill\u00e9gal n'\u00e9tait identifiable sur les pages li\u00e9es. L'auteur n'a aucune influence sur la conception actuelle et future, le contenu ou la paternit\u00e9 des pages li\u00e9es. C'est pourquoi il se distancie express\u00e9ment de tous les contenus de toutes les pages li\u00e9es qui ont \u00e9t\u00e9 modifi\u00e9es apr\u00e8s la cr\u00e9ation des liens. Cette d\u00e9claration s'applique \u00e0 tous les liens et r\u00e9f\u00e9rences cr\u00e9\u00e9s dans le cadre de l'offre Internet propre, ainsi qu'aux entr\u00e9es externes dans les livres d'or, forums de discussion, r\u00e9pertoires de liens, listes de diffusion et toutes autres formes de bases de donn\u00e9es cr\u00e9\u00e9s par l'auteur et dont le contenu peut \u00eatre modifi\u00e9 par des tiers. Seul le fournisseur de la page \u00e0 laquelle il est renvoy\u00e9 est responsable des contenus ill\u00e9gaux, erron\u00e9s ou incomplets, et en particulier des dommages r\u00e9sultant de l'utilisation ou de la non-utilisation des informations ainsi pr\u00e9sent\u00e9es, et non celui qui renvoie simplement \u00e0 la publication correspondante par le biais de liens.<\/p><ol start=\"3\"><li>Droit d'auteur et droit des marques<\/li><\/ol><p>L'auteur s'efforce de respecter dans toutes les publications les droits d'auteur des images, graphiques, documents sonores, s\u00e9quences vid\u00e9o et textes utilis\u00e9s, d'utiliser des images, graphiques, documents sonores, s\u00e9quences vid\u00e9o et textes cr\u00e9\u00e9s par lui-m\u00eame ou d'avoir recours \u00e0 des graphiques, documents sonores, s\u00e9quences vid\u00e9o et textes libres de droits. Toutes les marques et marques d\u00e9pos\u00e9es mentionn\u00e9es dans l'offre Internet et \u00e9ventuellement prot\u00e9g\u00e9es par des tiers sont soumises sans restriction aux dispositions du droit des marques en vigueur et aux droits de propri\u00e9t\u00e9 des propri\u00e9taires enregistr\u00e9s respectifs. La simple mention d'une marque ne permet pas de conclure que celle-ci n'est pas prot\u00e9g\u00e9e par les droits de tiers ! Le copyright des objets publi\u00e9s et cr\u00e9\u00e9s par l'auteur lui-m\u00eame reste la propri\u00e9t\u00e9 exclusive de l'auteur des pages. Toute reproduction ou utilisation de ces graphiques, documents sonores, s\u00e9quences vid\u00e9o et textes dans d'autres publications \u00e9lectroniques ou imprim\u00e9es est interdite sans l'autorisation expresse de l'auteur.<\/p><ol start=\"4\"><li>Protection des donn\u00e9es<\/li><\/ol><p>Dans la mesure o\u00f9 il est possible, dans le cadre de l'offre Internet, de saisir des donn\u00e9es personnelles ou professionnelles (adresses e-mail, noms, adresses), la divulgation de ces donn\u00e9es par l'utilisateur se fait sur une base express\u00e9ment volontaire. L'utilisation et le paiement de tous les services propos\u00e9s sont \u00e9galement autoris\u00e9s sans fournir ces donn\u00e9es ou en fournissant des donn\u00e9es anonymis\u00e9es ou un pseudonyme, dans la mesure o\u00f9 cela est techniquement possible et raisonnable. L'utilisation par des tiers des coordonn\u00e9es publi\u00e9es dans les mentions l\u00e9gales ou dans des informations similaires, telles que les adresses postales, les num\u00e9ros de t\u00e9l\u00e9phone et de fax ainsi que les adresses e-mail, pour envoyer des informations non express\u00e9ment demand\u00e9es n'est pas autoris\u00e9e. Nous nous r\u00e9servons express\u00e9ment le droit d'engager des poursuites judiciaires contre les exp\u00e9diteurs de courriers ind\u00e9sirables en cas de violation de cette interdiction.<\/p><ol start=\"5\"><li>Google Analytics<\/li><\/ol><p>Ce site Web utilise Google Analytics, un service d'analyse Web fourni par Google Inc. (\u00ab Google \u00bb). Google Analytics utilise des \u00ab cookies \u00bb, qui sont des fichiers texte plac\u00e9s sur votre ordinateur, pour aider le site Web \u00e0 analyser l'utilisation du site par ses utilisateurs. Les informations g\u00e9n\u00e9r\u00e9es par le cookie concernant votre utilisation de ce site Web (y compris votre adresse IP) sont transmises \u00e0 un serveur de Google aux \u00c9tats-Unis et y sont stock\u00e9es. Google utilisera ces informations pour \u00e9valuer votre utilisation du site Web, pour \u00e9tablir des rapports sur les activit\u00e9s du site Web \u00e0 l'intention des exploitants du site et pour fournir d'autres services li\u00e9s \u00e0 l'utilisation du site Web et d'Internet. Google peut \u00e9galement transmettre ces informations \u00e0 des tiers lorsque la loi l'exige ou lorsque ces tiers traitent ces donn\u00e9es pour le compte de Google. Google n'associera en aucun cas votre adresse IP \u00e0 d'autres donn\u00e9es de Google. Vous pouvez refuser l'installation de cookies en s\u00e9lectionnant les param\u00e8tres appropri\u00e9s dans votre navigateur, mais veuillez noter que si vous le faites, vous ne pourrez peut-\u00eatre pas utiliser toutes les fonctionnalit\u00e9s de ce site web. En utilisant ce site Web, vous acceptez le traitement des donn\u00e9es collect\u00e9es \u00e0 votre sujet par Google de la mani\u00e8re et aux fins d\u00e9crites ci-dessus.\u00a0<\/p><ol start=\"6\"><li>Validit\u00e9 juridique de cette clause de non-responsabilit\u00e9<\/li><\/ol><p>Cette clause de non-responsabilit\u00e9 doit \u00eatre consid\u00e9r\u00e9e comme faisant partie int\u00e9grante de l'offre Internet \u00e0 partir de laquelle vous avez \u00e9t\u00e9 redirig\u00e9 vers cette page. Si certaines parties ou formulations de ce texte ne correspondent pas, plus ou pas enti\u00e8rement \u00e0 la situation juridique en vigueur, cela n'affecte en rien le contenu et la validit\u00e9 des autres parties du document.<\/p>\t\t\t\t\t\t\t\t<\/div>\n\t\t\t\t<\/div>\n\t\t\t\t<div class=\"elementor-element elementor-element-ccca774 elementor-widget elementor-widget-spacer\" data-id=\"ccca774\" data-element_type=\"widget\" data-e-type=\"widget\" data-widget_type=\"spacer.default\">\n\t\t\t\t<div class=\"elementor-widget-container\">\n\t\t\t\t\t\t\t<div class=\"elementor-spacer\">\n\t\t\t<div class=\"elementor-spacer-inner\"><\/div>\n\t\t<\/div>\n\t\t\t\t\t\t<\/div>\n\t\t\t\t<\/div>\n\t\t\t\t\t<\/div>\n\t\t<\/div>\n\t\t\t\t\t<\/div>\n\t\t<\/section>\n\t\t\t\t<\/div>","protected":false},"excerpt":{"rendered":"<p>IMPRESSUM (Pflichtangaben gem. \u00a75&nbsp;TDG) EPP&nbsp;SALES&nbsp;Communications GmbH &amp; Co.Verkaufsf\u00f6rderung KG Georg-B\u00fcchner-Strasse 1 61476 Kronberg Tel: +49 6173 935300 Fax: +49 6173 935353 E-Mail: info@epp.de Gesch\u00e4ftsf\u00fchrer: Florian Epp Umsatzsteuer \u2013 Identifikationsnummer (Ust.-IdNr.): DE112003774 Handelsregistereintragung: Amtsgericht K\u00f6nigstein\/Ts.&nbsp;HRA&nbsp;2502 Haftungsausschluss Inhalt des Onlineangebotes Der Autor \u00fcbernimmt keinerlei Gew\u00e4hr f\u00fcr die Aktualit\u00e4t, Korrektheit, Vollst\u00e4ndigkeit oder Qualit\u00e4t der bereitgestellten Informationen. Haftungsanspr\u00fcche gegen [&hellip;]<\/p>","protected":false},"author":1,"featured_media":0,"parent":8,"menu_order":0,"comment_status":"closed","ping_status":"closed","template":"","meta":{"site-sidebar-layout":"no-sidebar","site-content-layout":"page-builder","ast-site-content-layout":"","site-content-style":"default","site-sidebar-style":"default","ast-global-header-display":"","ast-banner-title-visibility":"","ast-main-header-display":"","ast-hfb-above-header-display":"","ast-hfb-below-header-display":"","ast-hfb-mobile-header-display":"","site-post-title":"disabled","ast-breadcrumbs-content":"","ast-featured-img":"disabled","footer-sml-layout":"","theme-transparent-header-meta":"default","adv-header-id-meta":"","stick-header-meta":"","header-above-stick-meta":"","header-main-stick-meta":"","header-below-stick-meta":"","astra-migrate-meta-layouts":"default","ast-page-background-enabled":"default","ast-page-background-meta":{"desktop":{"background-color":"var(--ast-global-color-4)","background-image":"","background-repeat":"repeat","background-position":"center center","background-size":"auto","background-attachment":"scroll","background-type":"","background-media":"","overlay-type":"","overlay-color":"","overlay-gradient":""},"tablet":{"background-color":"","background-image":"","background-repeat":"repeat","background-position":"center center","background-size":"auto","background-attachment":"scroll","background-type":"","background-media":"","overlay-type":"","overlay-color":"","overlay-gradient":""},"mobile":{"background-color":"","background-image":"","background-repeat":"repeat","background-position":"center center","background-size":"auto","background-attachment":"scroll","background-type":"","background-media":"","overlay-type":"","overlay-color":"","overlay-gradient":""}},"ast-content-background-meta":{"desktop":{"background-color":"var(--ast-global-color-5)","background-image":"","background-repeat":"repeat","background-position":"center center","background-size":"auto","background-attachment":"scroll","background-type":"","background-media":"","overlay-type":"","overlay-color":"","overlay-gradient":""},"tablet":{"background-color":"var(--ast-global-color-5)","background-image":"","background-repeat":"repeat","background-position":"center center","background-size":"auto","background-attachment":"scroll","background-type":"","background-media":"","overlay-type":"","overlay-color":"","overlay-gradient":""},"mobile":{"background-color":"var(--ast-global-color-5)","background-image":"","background-repeat":"repeat","background-position":"center center","background-size":"auto","background-attachment":"scroll","background-type":"","background-media":"","overlay-type":"","overlay-color":"","overlay-gradient":""}},"footnotes":""},"class_list":["post-10","page","type-page","status-publish","hentry"],"_links":{"self":[{"href":"https:\/\/www.epp.de\/fr\/wp-json\/wp\/v2\/pages\/10","targetHints":{"allow":["GET"]}}],"collection":[{"href":"https:\/\/www.epp.de\/fr\/wp-json\/wp\/v2\/pages"}],"about":[{"href":"https:\/\/www.epp.de\/fr\/wp-json\/wp\/v2\/types\/page"}],"author":[{"embeddable":true,"href":"https:\/\/www.epp.de\/fr\/wp-json\/wp\/v2\/users\/1"}],"replies":[{"embeddable":true,"href":"https:\/\/www.epp.de\/fr\/wp-json\/wp\/v2\/comments?post=10"}],"version-history":[{"count":17,"href":"https:\/\/www.epp.de\/fr\/wp-json\/wp\/v2\/pages\/10\/revisions"}],"predecessor-version":[{"id":1185,"href":"https:\/\/www.epp.de\/fr\/wp-json\/wp\/v2\/pages\/10\/revisions\/1185"}],"up":[{"embeddable":true,"href":"https:\/\/www.epp.de\/fr\/wp-json\/wp\/v2\/pages\/8"}],"wp:attachment":[{"href":"https:\/\/www.epp.de\/fr\/wp-json\/wp\/v2\/media?parent=10"}],"curies":[{"name":"wp","href":"https:\/\/api.w.org\/{rel}","templated":true}]}}